{"id":1274,"date":"2025-03-09T21:28:44","date_gmt":"2025-03-09T21:28:44","guid":{"rendered":"https:\/\/grunerserbian.com\/?page_id=1274"},"modified":"2025-09-26T08:31:06","modified_gmt":"2025-09-26T08:31:06","slug":"certificates","status":"publish","type":"page","link":"https:\/\/grunerserbian.com\/sr\/certificates\/","title":{"rendered":"Sertifikati"},"content":{"rendered":"<div data-elementor-type=\"wp-page\" data-elementor-id=\"1274\" class=\"elementor elementor-1274\">\n\t\t\t\t<div class=\"elementor-element elementor-element-61f97cf3 e-flex e-con-boxed e-con e-parent\" data-id=\"61f97cf3\" data-element_type=\"container\" data-e-type=\"container\" data-settings=\"{&quot;background_background&quot;:&quot;video&quot;,&quot;background_video_link&quot;:&quot;https:\\\/\\\/grunerserbian.com\\\/wp-content\\\/uploads\\\/2025\\\/03\\\/promo.mp4&quot;,&quot;background_play_once&quot;:&quot;yes&quot;,&quot;background_play_on_mobile&quot;:&quot;yes&quot;}\">\n\t\t\t\t\t<div class=\"e-con-inner\">\n\t\t<div class=\"elementor-background-video-container\">\n\t\t\t\t\t\t\t<video class=\"elementor-background-video-hosted\" role=\"presentation\" autoplay muted playsinline><\/video>\n\t\t\t\t\t<\/div><div class=\"elementor-element elementor-element-7e58aba0 e-con-full e-flex e-con e-child\" data-id=\"7e58aba0\" data-element_type=\"container\" data-e-type=\"container\">\n\t\t\t\t<div class=\"elementor-element elementor-element-33347e4b elementor-widget elementor-widget-heading\" data-id=\"33347e4b\" data-element_type=\"widget\" data-e-type=\"widget\" data-widget_type=\"heading.default\">\n\t\t\t\t<div class=\"elementor-widget-container\">\n\t\t\t\t\t<h3 class=\"elementor-heading-title elementor-size-default\">Gruner Serbian<\/h3>\t\t\t\t<\/div>\n\t\t\t\t<\/div>\n\t\t\t\t<div class=\"elementor-element elementor-element-24ca923a elementor-widget elementor-widget-heading\" data-id=\"24ca923a\" data-element_type=\"widget\" data-e-type=\"widget\" data-widget_type=\"heading.default\">\n\t\t\t\t<div class=\"elementor-widget-container\">\n\t\t\t\t\t<h1 class=\"elementor-heading-title elementor-size-default\">SERTIFIKATI<\/h1>\t\t\t\t<\/div>\n\t\t\t\t<\/div>\n\t\t\t\t<div class=\"elementor-element elementor-element-6ab10f10 elementor-widget__width-initial elementor-widget elementor-widget-text-editor\" data-id=\"6ab10f10\" data-element_type=\"widget\" data-e-type=\"widget\" data-widget_type=\"text-editor.default\">\n\t\t\t\t<div class=\"elementor-widget-container\">\n\t\t\t\t\t\t\t\t\t<p>Transformacija ideja u industrijski uspeh<\/p>\t\t\t\t\t\t\t\t<\/div>\n\t\t\t\t<\/div>\n\t\t<div class=\"elementor-element elementor-element-24b0aa3b e-con-full e-flex e-con e-child\" data-id=\"24b0aa3b\" data-element_type=\"container\" data-e-type=\"container\">\n\t\t<div class=\"elementor-element elementor-element-233e3dd5 e-con-full e-flex e-con e-child\" data-id=\"233e3dd5\" data-element_type=\"container\" data-e-type=\"container\">\n\t\t\t\t<div class=\"elementor-element elementor-element-5a8bde58 elementor-widget__width-initial elementor-widget elementor-widget-button\" data-id=\"5a8bde58\" data-element_type=\"widget\" data-e-type=\"widget\" data-widget_type=\"button.default\">\n\t\t\t\t<div class=\"elementor-widget-container\">\n\t\t\t\t\t\t\t\t\t<div class=\"elementor-button-wrapper\">\n\t\t\t\t\t<a class=\"elementor-button elementor-button-link elementor-size-sm\" href=\"https:\/\/grunerserbian.com\/sr\/services\/\">\n\t\t\t\t\t\t<span class=\"elementor-button-content-wrapper\">\n\t\t\t\t\t\t\t\t\t<span class=\"elementor-button-text\">Na\u0161e usluge<\/span>\n\t\t\t\t\t<\/span>\n\t\t\t\t\t<\/a>\n\t\t\t\t<\/div>\n\t\t\t\t\t\t\t\t<\/div>\n\t\t\t\t<\/div>\n\t\t\t\t<div class=\"elementor-element elementor-element-4797cc6a elementor-widget__width-auto elementor-widget elementor-widget-button\" data-id=\"4797cc6a\" data-element_type=\"widget\" data-e-type=\"widget\" data-widget_type=\"button.default\">\n\t\t\t\t<div class=\"elementor-widget-container\">\n\t\t\t\t\t\t\t\t\t<div class=\"elementor-button-wrapper\">\n\t\t\t\t\t<a class=\"elementor-button elementor-button-link elementor-size-sm\" href=\"https:\/\/grunerserbian.com\/sr\/contact-us\/\">\n\t\t\t\t\t\t<span class=\"elementor-button-content-wrapper\">\n\t\t\t\t\t\t\t\t\t<span class=\"elementor-button-text\">Kontakt<\/span>\n\t\t\t\t\t<\/span>\n\t\t\t\t\t<\/a>\n\t\t\t\t<\/div>\n\t\t\t\t\t\t\t\t<\/div>\n\t\t\t\t<\/div>\n\t\t\t\t<\/div>\n\t\t\t\t<\/div>\n\t\t\t\t<\/div>\n\t\t\t\t\t<\/div>\n\t\t\t\t<\/div>\n\t\t<div class=\"elementor-element elementor-element-1f3d5c9 e-flex e-con-boxed e-con e-parent\" data-id=\"1f3d5c9\" data-element_type=\"container\" data-e-type=\"container\">\n\t\t\t\t\t<div class=\"e-con-inner\">\n\t\t\t\t<div class=\"elementor-element elementor-element-bd17979 elementor-widget elementor-widget-heading\" data-id=\"bd17979\" data-element_type=\"widget\" data-e-type=\"widget\" data-widget_type=\"heading.default\">\n\t\t\t\t<div class=\"elementor-widget-container\">\n\t\t\t\t\t<h1 class=\"elementor-heading-title elementor-size-default\">Na\u0161i sertifikati\n\n<\/h1>\t\t\t\t<\/div>\n\t\t\t\t<\/div>\n\t\t\t\t\t<\/div>\n\t\t\t\t<\/div>\n\t\t<div class=\"elementor-element elementor-element-2e6c425 e-flex e-con-boxed e-con e-parent\" data-id=\"2e6c425\" data-element_type=\"container\" data-e-type=\"container\">\n\t\t\t\t\t<div class=\"e-con-inner\">\n\t\t\t\t<div class=\"elementor-element elementor-element-e7e8eb8 elementor-widget elementor-widget-text-editor\" data-id=\"e7e8eb8\" data-element_type=\"widget\" data-e-type=\"widget\" data-widget_type=\"text-editor.default\">\n\t\t\t\t<div class=\"elementor-widget-container\">\n\t\t\t\t\t\t\t\t\t<p>\u00a0<\/p><p>Kvalitet, preciznost i odr\u017eivost su sr\u017e svega \u0161to radimo. Na\u0161a posve\u0107enost izvrsnosti je podr\u017eana me\u0111unarodno priznatim sertifikatima, koji osiguravaju da na\u0161i proizvodi i procesi ispunjavaju najvi\u0161e industrijske standarde.<\/p><p>Na\u0161i sertifikati uklju\u010duju:<\/p><p>\u2714 ISO 9001 - Sistem upravljanja kvalitetom\u00a0<\/p><p>\u2714 IATF 16949 \u2013 Standard upravljanja kvalitetom u automobilskoj industriji<\/p><p>\u2714 AEOC sertifikat (ovla\u0161\u0107eni ekonomski operater) za carinska pojednostavljenja<\/p>\t\t\t\t\t\t\t\t<\/div>\n\t\t\t\t<\/div>\n\t\t\t\t\t<\/div>\n\t\t\t\t<\/div>\n\t\t<div class=\"elementor-element elementor-element-3debb77 e-flex e-con-boxed e-con e-parent\" data-id=\"3debb77\" data-element_type=\"container\" data-e-type=\"container\">\n\t\t\t\t\t<div class=\"e-con-inner\">\n\t\t<div class=\"elementor-element elementor-element-846c38f e-con-full e-flex e-con e-child\" data-id=\"846c38f\" data-element_type=\"container\" data-e-type=\"container\">\n\t\t\t\t<div class=\"elementor-element elementor-element-cdd4e5c elementor-widget elementor-widget-text-editor\" data-id=\"cdd4e5c\" data-element_type=\"widget\" data-e-type=\"widget\" data-widget_type=\"text-editor.default\">\n\t\t\t\t<div class=\"elementor-widget-container\">\n\t\t\t\t\t\t\t\t\t<p><a href=\"https:\/\/grunerserbian.com\/wp-content\/uploads\/2025\/09\/ISO9001-GS-compressed.pdf\" class=\"pdfemb-viewer\" style=\"\" data-width=\"max\" data-height=\"max\" data-toolbar=\"bottom\" data-toolbar-fixed=\"off\">ISO9001<\/a><\/p>\t\t\t\t\t\t\t\t<\/div>\n\t\t\t\t<\/div>\n\t\t\t\t<\/div>\n\t\t<div class=\"elementor-element elementor-element-65e8dd8 e-con-full e-flex e-con e-child\" data-id=\"65e8dd8\" data-element_type=\"container\" data-e-type=\"container\">\n\t\t\t\t<div class=\"elementor-element elementor-element-3fb18df elementor-widget elementor-widget-text-editor\" data-id=\"3fb18df\" data-element_type=\"widget\" data-e-type=\"widget\" data-widget_type=\"text-editor.default\">\n\t\t\t\t<div class=\"elementor-widget-container\">\n\t\t\t\t\t\t\t\t\t<p><a href=\"https:\/\/grunerserbian.com\/wp-content\/uploads\/2025\/06\/IATF-en.pdf\" class=\"pdfemb-viewer\" style=\"\" data-width=\"max\" data-height=\"max\" data-toolbar=\"bottom\" data-toolbar-fixed=\"off\">IATF en<\/a><\/p>\t\t\t\t\t\t\t\t<\/div>\n\t\t\t\t<\/div>\n\t\t\t\t<\/div>\n\t\t\t\t\t<\/div>\n\t\t\t\t<\/div>\n\t\t<div class=\"elementor-element elementor-element-601131e e-flex e-con-boxed e-con e-parent\" data-id=\"601131e\" data-element_type=\"container\" data-e-type=\"container\">\n\t\t\t\t\t<div class=\"e-con-inner\">\n\t\t\t\t<div class=\"elementor-element elementor-element-648ac26 elementor-widget elementor-widget-image\" data-id=\"648ac26\" data-element_type=\"widget\" data-e-type=\"widget\" data-widget_type=\"image.default\">\n\t\t\t\t<div class=\"elementor-widget-container\">\n\t\t\t\t\t\t\t\t\t\t\t\t\t\t\t<img fetchpriority=\"high\" decoding=\"async\" width=\"2000\" height=\"1414\" src=\"https:\/\/grunerserbian.com\/wp-content\/uploads\/2025\/03\/OPSC.jpg\" class=\"attachment-full size-full wp-image-1291\" alt=\"certificates\" srcset=\"https:\/\/grunerserbian.com\/wp-content\/uploads\/2025\/03\/OPSC.jpg 2000w, https:\/\/grunerserbian.com\/wp-content\/uploads\/2025\/03\/OPSC-300x212.jpg 300w, https:\/\/grunerserbian.com\/wp-content\/uploads\/2025\/03\/OPSC-1024x724.jpg 1024w, https:\/\/grunerserbian.com\/wp-content\/uploads\/2025\/03\/OPSC-768x543.jpg 768w, https:\/\/grunerserbian.com\/wp-content\/uploads\/2025\/03\/OPSC-1536x1086.jpg 1536w, https:\/\/grunerserbian.com\/wp-content\/uploads\/2025\/03\/OPSC-18x12.jpg 18w\" sizes=\"(max-width: 2000px) 100vw, 2000px\" \/>\t\t\t\t\t\t\t\t\t\t\t\t\t\t\t<\/div>\n\t\t\t\t<\/div>\n\t\t\t\t\t<\/div>\n\t\t\t\t<\/div>\n\t\t\t\t<\/div>","protected":false},"excerpt":{"rendered":"<p>Gruner Serbian CERTIFICATES Transforming ideas into industrial success Our Services Contact Us Our Certifications \u00a0 Quality, precision, and sustainability are at the core of everything we do. Our commitment to excellence is backed by internationally recognized certifications, ensuring that our products and processes meet the highest industry standards. Our certifications include: \u2714 ISO 9001 \u2013 [&hellip;]<\/p>\n","protected":false},"author":1,"featured_media":1291,"parent":0,"menu_order":0,"comment_status":"closed","ping_status":"closed","template":"elementor_header_footer","meta":{"content-type":"","footnotes":""},"class_list":["post-1274","page","type-page","status-publish","has-post-thumbnail","hentry"],"rttpg_featured_image_url":{"full":["https:\/\/grunerserbian.com\/wp-content\/uploads\/2025\/03\/OPSC.jpg",2000,1414,false],"landscape":["https:\/\/grunerserbian.com\/wp-content\/uploads\/2025\/03\/OPSC.jpg",2000,1414,false],"portraits":["https:\/\/grunerserbian.com\/wp-content\/uploads\/2025\/03\/OPSC.jpg",2000,1414,false],"thumbnail":["https:\/\/grunerserbian.com\/wp-content\/uploads\/2025\/03\/OPSC-150x150.jpg",150,150,true],"medium":["https:\/\/grunerserbian.com\/wp-content\/uploads\/2025\/03\/OPSC-300x212.jpg",300,212,true],"large":["https:\/\/grunerserbian.com\/wp-content\/uploads\/2025\/03\/OPSC-1024x724.jpg",800,566,true],"1536x1536":["https:\/\/grunerserbian.com\/wp-content\/uploads\/2025\/03\/OPSC-1536x1086.jpg",1536,1086,true],"2048x2048":["https:\/\/grunerserbian.com\/wp-content\/uploads\/2025\/03\/OPSC.jpg",2000,1414,false],"trp-custom-language-flag":["https:\/\/grunerserbian.com\/wp-content\/uploads\/2025\/03\/OPSC-18x12.jpg",18,12,true]},"rttpg_author":{"display_name":"admin","author_link":"https:\/\/grunerserbian.com\/sr\/author\/admin\/"},"rttpg_comment":0,"rttpg_category":null,"rttpg_excerpt":"Gruner Serbian CERTIFICATES Transforming ideas into industrial success Our Services Contact Us Our Certifications \u00a0 Quality, precision, and sustainability are at the core of everything we do. Our commitment to excellence is backed by internationally recognized certifications, ensuring that our products and processes meet the highest industry standards. Our certifications include: \u2714 ISO 9001 \u2013&hellip;","_links":{"self":[{"href":"https:\/\/grunerserbian.com\/sr\/wp-json\/wp\/v2\/pages\/1274","targetHints":{"allow":["GET"]}}],"collection":[{"href":"https:\/\/grunerserbian.com\/sr\/wp-json\/wp\/v2\/pages"}],"about":[{"href":"https:\/\/grunerserbian.com\/sr\/wp-json\/wp\/v2\/types\/page"}],"author":[{"embeddable":true,"href":"https:\/\/grunerserbian.com\/sr\/wp-json\/wp\/v2\/users\/1"}],"replies":[{"embeddable":true,"href":"https:\/\/grunerserbian.com\/sr\/wp-json\/wp\/v2\/comments?post=1274"}],"version-history":[{"count":0,"href":"https:\/\/grunerserbian.com\/sr\/wp-json\/wp\/v2\/pages\/1274\/revisions"}],"wp:featuredmedia":[{"embeddable":true,"href":"https:\/\/grunerserbian.com\/sr\/wp-json\/wp\/v2\/media\/1291"}],"wp:attachment":[{"href":"https:\/\/grunerserbian.com\/sr\/wp-json\/wp\/v2\/media?parent=1274"}],"curies":[{"name":"wp","href":"https:\/\/api.w.org\/{rel}","templated":true}]}}