{"id":3672,"date":"2025-06-02T09:39:37","date_gmt":"2025-06-02T09:39:37","guid":{"rendered":"https:\/\/grunerserbian.com\/?page_id=3672"},"modified":"2025-07-24T12:24:16","modified_gmt":"2025-07-24T12:24:16","slug":"our-partners","status":"publish","type":"page","link":"https:\/\/grunerserbian.com\/sr\/our-partners\/","title":{"rendered":"Na\u0161i partneri"},"content":{"rendered":"<div data-elementor-type=\"wp-page\" data-elementor-id=\"3672\" class=\"elementor elementor-3672\">\n\t\t\t\t<div class=\"elementor-element elementor-element-3a3b436f e-flex e-con-boxed e-con e-parent\" data-id=\"3a3b436f\" data-element_type=\"container\" data-e-type=\"container\" data-settings=\"{&quot;background_background&quot;:&quot;video&quot;,&quot;background_video_link&quot;:&quot;https:\\\/\\\/grunerserbian.com\\\/wp-content\\\/uploads\\\/2025\\\/03\\\/promo.mp4&quot;,&quot;background_play_once&quot;:&quot;yes&quot;,&quot;background_play_on_mobile&quot;:&quot;yes&quot;}\">\n\t\t\t\t\t<div class=\"e-con-inner\">\n\t\t<div class=\"elementor-background-video-container\">\n\t\t\t\t\t\t\t<video class=\"elementor-background-video-hosted\" role=\"presentation\" autoplay muted playsinline><\/video>\n\t\t\t\t\t<\/div><div class=\"elementor-element elementor-element-6528d09f e-con-full e-flex e-con e-child\" data-id=\"6528d09f\" data-element_type=\"container\" data-e-type=\"container\">\n\t\t\t\t<div class=\"elementor-element elementor-element-49348609 elementor-widget elementor-widget-heading\" data-id=\"49348609\" data-element_type=\"widget\" data-e-type=\"widget\" data-widget_type=\"heading.default\">\n\t\t\t\t<div class=\"elementor-widget-container\">\n\t\t\t\t\t<h3 class=\"elementor-heading-title elementor-size-default\">Gruner Serbian<\/h3>\t\t\t\t<\/div>\n\t\t\t\t<\/div>\n\t\t\t\t<div class=\"elementor-element elementor-element-51e6c3b6 elementor-widget elementor-widget-heading\" data-id=\"51e6c3b6\" data-element_type=\"widget\" data-e-type=\"widget\" data-widget_type=\"heading.default\">\n\t\t\t\t<div class=\"elementor-widget-container\">\n\t\t\t\t\t<h1 class=\"elementor-heading-title elementor-size-default\">NA\u0160I PARTNERI<\/h1>\t\t\t\t<\/div>\n\t\t\t\t<\/div>\n\t\t\t\t<div class=\"elementor-element elementor-element-2a735990 elementor-widget__width-initial elementor-widget elementor-widget-text-editor\" data-id=\"2a735990\" data-element_type=\"widget\" data-e-type=\"widget\" data-widget_type=\"text-editor.default\">\n\t\t\t\t<div class=\"elementor-widget-container\">\n\t\t\t\t\t\t\t\t\t<p>Transformacija ideja u industrijski uspeh<\/p>\t\t\t\t\t\t\t\t<\/div>\n\t\t\t\t<\/div>\n\t\t<div class=\"elementor-element elementor-element-53789021 e-con-full e-flex e-con e-child\" data-id=\"53789021\" data-element_type=\"container\" data-e-type=\"container\">\n\t\t<div class=\"elementor-element elementor-element-6674dc8a e-con-full e-flex e-con e-child\" data-id=\"6674dc8a\" data-element_type=\"container\" data-e-type=\"container\">\n\t\t\t\t<div class=\"elementor-element elementor-element-e12d96d elementor-widget__width-initial elementor-widget elementor-widget-button\" data-id=\"e12d96d\" data-element_type=\"widget\" data-e-type=\"widget\" data-widget_type=\"button.default\">\n\t\t\t\t<div class=\"elementor-widget-container\">\n\t\t\t\t\t\t\t\t\t<div class=\"elementor-button-wrapper\">\n\t\t\t\t\t<a class=\"elementor-button elementor-button-link elementor-size-sm\" href=\"https:\/\/grunerserbian.com\/sr\/services\/\">\n\t\t\t\t\t\t<span class=\"elementor-button-content-wrapper\">\n\t\t\t\t\t\t\t\t\t<span class=\"elementor-button-text\">Na\u0161e usluge<\/span>\n\t\t\t\t\t<\/span>\n\t\t\t\t\t<\/a>\n\t\t\t\t<\/div>\n\t\t\t\t\t\t\t\t<\/div>\n\t\t\t\t<\/div>\n\t\t\t\t<div class=\"elementor-element elementor-element-49b0d684 elementor-widget__width-auto elementor-widget elementor-widget-button\" data-id=\"49b0d684\" data-element_type=\"widget\" data-e-type=\"widget\" data-widget_type=\"button.default\">\n\t\t\t\t<div class=\"elementor-widget-container\">\n\t\t\t\t\t\t\t\t\t<div class=\"elementor-button-wrapper\">\n\t\t\t\t\t<a class=\"elementor-button elementor-button-link elementor-size-sm\" href=\"https:\/\/grunerserbian.com\/sr\/contact-us\/\">\n\t\t\t\t\t\t<span class=\"elementor-button-content-wrapper\">\n\t\t\t\t\t\t\t\t\t<span class=\"elementor-button-text\">Kontakt<\/span>\n\t\t\t\t\t<\/span>\n\t\t\t\t\t<\/a>\n\t\t\t\t<\/div>\n\t\t\t\t\t\t\t\t<\/div>\n\t\t\t\t<\/div>\n\t\t\t\t<\/div>\n\t\t\t\t<\/div>\n\t\t\t\t<\/div>\n\t\t\t\t\t<\/div>\n\t\t\t\t<\/div>\n\t\t<div class=\"elementor-element elementor-element-2543846f e-con-full e-flex e-con e-parent\" data-id=\"2543846f\" data-element_type=\"container\" data-e-type=\"container\" data-settings=\"{&quot;background_background&quot;:&quot;classic&quot;}\">\n\t\t<div class=\"elementor-element elementor-element-5f052fc5 e-con-full e-flex e-con e-child\" data-id=\"5f052fc5\" data-element_type=\"container\" data-e-type=\"container\">\n\t\t\t\t<div class=\"elementor-element elementor-element-4bdf0081 elementor-widget elementor-widget-heading\" data-id=\"4bdf0081\" data-element_type=\"widget\" data-e-type=\"widget\" data-widget_type=\"heading.default\">\n\t\t\t\t<div class=\"elementor-widget-container\">\n\t\t\t\t\t<h3 class=\"elementor-heading-title elementor-size-default\">Pregled <\/h3>\t\t\t\t<\/div>\n\t\t\t\t<\/div>\n\t\t\t\t<div class=\"elementor-element elementor-element-608acd53 elementor-widget elementor-widget-heading\" data-id=\"608acd53\" data-element_type=\"widget\" data-e-type=\"widget\" data-widget_type=\"heading.default\">\n\t\t\t\t<div class=\"elementor-widget-container\">\n\t\t\t\t\t<h2 class=\"elementor-heading-title elementor-size-default\">Strate\u0161ka partnerstva koja donose rezultate<\/h2>\t\t\t\t<\/div>\n\t\t\t\t<\/div>\n\t\t\t\t<div class=\"elementor-element elementor-element-bec34c3 elementor-invisible elementor-widget elementor-widget-text-editor\" data-id=\"bec34c3\" data-element_type=\"widget\" data-e-type=\"widget\" data-settings=\"{&quot;_animation&quot;:&quot;fadeIn&quot;,&quot;_animation_delay&quot;:500}\" data-widget_type=\"text-editor.default\">\n\t\t\t\t<div class=\"elementor-widget-container\">\n\t\t\t\t\t\t\t\t\t<p><span data-contrast=\"auto\">Partnerstva ne posmatramo samo kao oblik saradnje, ve\u0107 kao klju\u010dni mehanizam za rast, unapre\u0111enje i isporuku vrhunskih re\u0161enja - kako za nas, tako i za na\u0161e partnere.<\/span><\/p><p><span data-contrast=\"auto\">Na\u0161 cilj nije samo da mi napredujemo kroz saradnju, ve\u0107 i da svojim partnerima pru\u017eimo stvarnu vrednost - kroz stabilnost, ekspertizu i merljive zajedni\u010dke rezultate.<\/span><span data-ccp-props=\"{&quot;134233117&quot;:false,&quot;134233118&quot;:false,&quot;335559738&quot;:240,&quot;335559739&quot;:240}\">\u00a0<\/span><\/p><p><span data-ccp-props=\"{&quot;134233117&quot;:false,&quot;134233118&quot;:false,&quot;335559738&quot;:240,&quot;335559739&quot;:240}\">\u00a0<\/span><\/p><p><span data-contrast=\"auto\">U industriji gde su preciznost, pouzdanost i vreme presudni, pravi partneri \u010dine razliku.<\/span>\u00a0<br \/><span data-contrast=\"auto\">Te\u017eimo saradnji koja nam omogu\u0107ava da radimo br\u017ee, re\u0161avamo slo\u017eene izazove i budemo u koraku sa rastu\u0107im zahtevima tr\u017ei\u0161ta.<\/span><span data-ccp-props=\"{&quot;134233117&quot;:false,&quot;134233118&quot;:false,&quot;335559738&quot;:240,&quot;335559739&quot;:240}\">\u00a0<\/span><\/p><p><span data-ccp-props=\"{&quot;134233117&quot;:false,&quot;134233118&quot;:false,&quot;335559738&quot;:240,&quot;335559739&quot;:240}\">\u00a0<\/span><\/p><p><span data-contrast=\"auto\">Zato partnere biramo pa\u017eljivo - ne po veli\u010dini ili imenu, ve\u0107 po uskla\u0111enosti u vrednostima, na\u010dinu rada i profesionalnim standardima.<\/span>\u00a0<br \/><span data-contrast=\"auto\">Bilo da je re\u010d o tehnolo\u0161kom dobavlja\u010du ili razvojnim timovima, cenimo direktnu komunikaciju, odgovornost i zajedni\u010dku posve\u0107enost kvalitetu.<\/span><span data-ccp-props=\"{&quot;134233117&quot;:false,&quot;134233118&quot;:false,&quot;335559738&quot;:240,&quot;335559739&quot;:240}\">\u00a0<\/span><\/p><p><span data-ccp-props=\"{&quot;134233117&quot;:false,&quot;134233118&quot;:false,&quot;335559738&quot;:240,&quot;335559739&quot;:240}\">\u00a0<\/span><\/p><p><span data-contrast=\"auto\">Svako sna\u017eno re\u0161enje po\u010dinje sna\u017enom saradnjom. Zato biramo pa\u017eljivo. I radimo sa onima koji industrijska re\u0161enja grade ozbiljno.<\/span>\u00a0<br \/><span data-contrast=\"auto\">Dajemo svoj maksimum da iz svakog partnerstva stvorimo novu vrednost, onu koja prevazilazi pojedina\u010dne ciljeve i ostavlja trajni doprinos u rezultatima i transformisanju ideja u industrijski uspeh.<\/span><span data-ccp-props=\"{&quot;134233117&quot;:false,&quot;134233118&quot;:false,&quot;335559738&quot;:240,&quot;335559739&quot;:240}\">\u00a0<\/span><\/p><p>\u00a0<\/p>\t\t\t\t\t\t\t\t<\/div>\n\t\t\t\t<\/div>\n\t\t\t\t<div class=\"elementor-element elementor-element-a849881 elementor-widget elementor-widget-heading\" data-id=\"a849881\" data-element_type=\"widget\" data-e-type=\"widget\" data-widget_type=\"heading.default\">\n\t\t\t\t<div class=\"elementor-widget-container\">\n\t\t\t\t\t<h2 class=\"elementor-heading-title elementor-size-default\">Na\u0161i partneri<\/h2>\t\t\t\t<\/div>\n\t\t\t\t<\/div>\n\t\t\t\t<\/div>\n\t\t\t\t<\/div>\n\t\t<div class=\"elementor-element elementor-element-4effa18 e-con-full e-flex e-con e-parent\" data-id=\"4effa18\" data-element_type=\"container\" data-e-type=\"container\">\n\t\t<div class=\"elementor-element elementor-element-0b2a74c e-con-full e-flex e-con e-child\" data-id=\"0b2a74c\" data-element_type=\"container\" data-e-type=\"container\">\n\t\t\t\t<div class=\"elementor-element elementor-element-16e09ae elementor-widget elementor-widget-image\" data-id=\"16e09ae\" data-element_type=\"widget\" data-e-type=\"widget\" data-widget_type=\"image.default\">\n\t\t\t\t<div class=\"elementor-widget-container\">\n\t\t\t\t\t\t\t\t\t\t\t\t\t\t\t\t<a href=\"https:\/\/kinestas-machines.com\/\" target=\"_blank\" rel=\"noopener\">\n\t\t\t\t\t\t\t<img fetchpriority=\"high\" decoding=\"async\" width=\"768\" height=\"256\" src=\"https:\/\/grunerserbian.com\/wp-content\/uploads\/2025\/06\/Enetorq-logotip--768x256.png\" class=\"attachment-medium_large size-medium_large wp-image-3673\" alt=\"\" srcset=\"https:\/\/grunerserbian.com\/wp-content\/uploads\/2025\/06\/Enetorq-logotip--768x256.png 768w, https:\/\/grunerserbian.com\/wp-content\/uploads\/2025\/06\/Enetorq-logotip--300x100.png 300w, https:\/\/grunerserbian.com\/wp-content\/uploads\/2025\/06\/Enetorq-logotip--1024x341.png 1024w, https:\/\/grunerserbian.com\/wp-content\/uploads\/2025\/06\/Enetorq-logotip--1536x512.png 1536w, https:\/\/grunerserbian.com\/wp-content\/uploads\/2025\/06\/Enetorq-logotip--18x6.png 18w, https:\/\/grunerserbian.com\/wp-content\/uploads\/2025\/06\/Enetorq-logotip-.png 1771w\" sizes=\"(max-width: 768px) 100vw, 768px\" \/>\t\t\t\t\t\t\t\t<\/a>\n\t\t\t\t\t\t\t\t\t\t\t\t\t\t\t<\/div>\n\t\t\t\t<\/div>\n\t\t\t\t<\/div>\n\t\t<div class=\"elementor-element elementor-element-6b4de25 e-con-full e-flex e-con e-child\" data-id=\"6b4de25\" data-element_type=\"container\" data-e-type=\"container\">\n\t\t\t\t<div class=\"elementor-element elementor-element-12b5aa7 elementor-widget elementor-widget-text-editor\" data-id=\"12b5aa7\" data-element_type=\"widget\" data-e-type=\"widget\" data-widget_type=\"text-editor.default\">\n\t\t\t\t<div class=\"elementor-widget-container\">\n\t\t\t\t\t\t\t\t\t<p><span data-contrast=\"auto\">Saradnja sa <\/span><b><span data-contrast=\"auto\">kompanijom \"Enetorq\"<\/span><\/b><span data-contrast=\"auto\"> zasnovana je na jasnoj podeli uloga - kada projekat zahteva podr\u0161ku u dizajnu i razvoju, \u201cEnetorq\u201d preuzima vode\u0107u ulogu. Mi nastavljamo u narednoj fazi gde, u svojim proizvodnim kapacitetima, realizujemo proizvodnju koja uklju\u010duje <\/span><span data-contrast=\"auto\">izradu alata, brizganje plastike, \u0161tancovanje metala, monta\u017eu<\/span><span data-contrast=\"auto\"> - sve u zavisnosti od projekta.<\/span><span data-ccp-props=\"{&quot;134233117&quot;:false,&quot;134233118&quot;:false,&quot;335559738&quot;:240,&quot;335559739&quot;:240}\">\u00a0<\/span><\/p><p><span data-contrast=\"auto\">Kompanija \u201cEnetorq\u201d je, tako\u0111e, na\u0161 preporu\u010deni partner u oblasti razvoja proizvoda.<\/span><\/p>\t\t\t\t\t\t\t\t<\/div>\n\t\t\t\t<\/div>\n\t\t\t\t<\/div>\n\t\t\t\t<\/div>\n\t\t<div class=\"elementor-element elementor-element-de30036 e-flex e-con-boxed e-con e-parent\" data-id=\"de30036\" data-element_type=\"container\" data-e-type=\"container\">\n\t\t\t\t\t<div class=\"e-con-inner\">\n\t\t\t\t<div class=\"elementor-element elementor-element-870618c elementor-widget elementor-widget-spacer\" data-id=\"870618c\" data-element_type=\"widget\" data-e-type=\"widget\" data-widget_type=\"spacer.default\">\n\t\t\t\t<div class=\"elementor-widget-container\">\n\t\t\t\t\t\t\t<div class=\"elementor-spacer\">\n\t\t\t<div class=\"elementor-spacer-inner\"><\/div>\n\t\t<\/div>\n\t\t\t\t\t\t<\/div>\n\t\t\t\t<\/div>\n\t\t\t\t\t<\/div>\n\t\t\t\t<\/div>\n\t\t<div class=\"elementor-element elementor-element-de44965 e-con-full e-flex e-con e-parent\" data-id=\"de44965\" data-element_type=\"container\" data-e-type=\"container\">\n\t\t<div class=\"elementor-element elementor-element-ed88068 e-con-full e-flex e-con e-child\" data-id=\"ed88068\" data-element_type=\"container\" data-e-type=\"container\">\n\t\t\t\t<div class=\"elementor-element elementor-element-6ab1b23 elementor-widget__width-initial elementor-widget elementor-widget-image\" data-id=\"6ab1b23\" data-element_type=\"widget\" data-e-type=\"widget\" data-widget_type=\"image.default\">\n\t\t\t\t<div class=\"elementor-widget-container\">\n\t\t\t\t\t\t\t\t\t\t\t\t\t\t\t<img decoding=\"async\" width=\"768\" height=\"256\" src=\"https:\/\/grunerserbian.com\/wp-content\/uploads\/2025\/06\/Motion-Advantage-logotip--768x256.png\" class=\"attachment-medium_large size-medium_large wp-image-3688\" alt=\"\" srcset=\"https:\/\/grunerserbian.com\/wp-content\/uploads\/2025\/06\/Motion-Advantage-logotip--768x256.png 768w, https:\/\/grunerserbian.com\/wp-content\/uploads\/2025\/06\/Motion-Advantage-logotip--300x100.png 300w, https:\/\/grunerserbian.com\/wp-content\/uploads\/2025\/06\/Motion-Advantage-logotip--1024x341.png 1024w, https:\/\/grunerserbian.com\/wp-content\/uploads\/2025\/06\/Motion-Advantage-logotip--1536x512.png 1536w, https:\/\/grunerserbian.com\/wp-content\/uploads\/2025\/06\/Motion-Advantage-logotip--18x6.png 18w, https:\/\/grunerserbian.com\/wp-content\/uploads\/2025\/06\/Motion-Advantage-logotip-.png 1771w\" sizes=\"(max-width: 768px) 100vw, 768px\" \/>\t\t\t\t\t\t\t\t\t\t\t\t\t\t\t<\/div>\n\t\t\t\t<\/div>\n\t\t\t\t<\/div>\n\t\t<div class=\"elementor-element elementor-element-9ed65f5 e-con-full e-flex e-con e-child\" data-id=\"9ed65f5\" data-element_type=\"container\" data-e-type=\"container\">\n\t\t\t\t<div class=\"elementor-element elementor-element-6ea1790 elementor-widget elementor-widget-text-editor\" data-id=\"6ea1790\" data-element_type=\"widget\" data-e-type=\"widget\" data-widget_type=\"text-editor.default\">\n\t\t\t\t<div class=\"elementor-widget-container\">\n\t\t\t\t\t\t\t\t\t<p>Na\u0161a saradnja sa <b>inovativnom nema\u010dkom kompanijom \"Motion Advantage\"<\/b>zasniva se na zajedni\u010dkoj viziji pametnije i inkluzivnije mobilnosti. Njihov tim donosi inovativne ideje i fokus na razvoj proizvoda, dok mi doprinosimo podr\u0161kom u dizajnu, monta\u017eom motora bez \u010detkica i proizvodnim znanjem. Zajedno razvijamo re\u0161enja nove generacije za korisnike invalidskih kolica - uzorci su ve\u0107 u izradi, a po\u010detak serijske proizvodnje o\u010dekuje se u 2026.<\/p>\t\t\t\t\t\t\t\t<\/div>\n\t\t\t\t<\/div>\n\t\t\t\t<\/div>\n\t\t\t\t<\/div>\n\t\t<div class=\"elementor-element elementor-element-95b66e0 e-flex e-con-boxed e-con e-parent\" data-id=\"95b66e0\" data-element_type=\"container\" data-e-type=\"container\">\n\t\t\t\t\t<div class=\"e-con-inner\">\n\t\t\t\t<div class=\"elementor-element elementor-element-48f226d elementor-widget elementor-widget-spacer\" data-id=\"48f226d\" data-element_type=\"widget\" data-e-type=\"widget\" data-widget_type=\"spacer.default\">\n\t\t\t\t<div class=\"elementor-widget-container\">\n\t\t\t\t\t\t\t<div class=\"elementor-spacer\">\n\t\t\t<div class=\"elementor-spacer-inner\"><\/div>\n\t\t<\/div>\n\t\t\t\t\t\t<\/div>\n\t\t\t\t<\/div>\n\t\t\t\t<div class=\"elementor-element elementor-element-9491aa2 elementor-widget elementor-widget-text-editor\" data-id=\"9491aa2\" data-element_type=\"widget\" data-e-type=\"widget\" data-widget_type=\"text-editor.default\">\n\t\t\t\t<div class=\"elementor-widget-container\">\n\t\t\t\t\t\t\t\t\t<p><strong>Vi\u0161e informacija o na\u0161im partnerima bi\u0107e dostupno uskoro.<\/strong><\/p><p><span style=\"font-size: 1rem;\">Nastavljamo da \u0161irimo mre\u017eu partnerstava baziranih na zajedni\u010dkim vrednostima, te \u0107e uskoro biti predstavljeni i novi partneri.<\/span><\/p>\t\t\t\t\t\t\t\t<\/div>\n\t\t\t\t<\/div>\n\t\t\t\t\t<\/div>\n\t\t\t\t<\/div>\n\t\t\t\t<\/div>","protected":false},"excerpt":{"rendered":"<p>Gruner Serbian OUR PARTNERS Transforming ideas into industrial success Our Services Contact Us Overview Strategic collaborations that matter We don\u2019t see partnerships as just cooperation &#8211; we see them as a core driver of growth, improvement, and the delivery of high-quality solutions, both for us and for our partners. Our goal is not only to [&hellip;]<\/p>\n","protected":false},"author":1,"featured_media":0,"parent":0,"menu_order":0,"comment_status":"closed","ping_status":"closed","template":"elementor_header_footer","meta":{"content-type":"","footnotes":""},"class_list":["post-3672","page","type-page","status-publish","hentry"],"rttpg_featured_image_url":null,"rttpg_author":{"display_name":"admin","author_link":"https:\/\/grunerserbian.com\/sr\/author\/admin\/"},"rttpg_comment":0,"rttpg_category":null,"rttpg_excerpt":"Gruner Serbian OUR PARTNERS Transforming ideas into industrial success Our Services Contact Us Overview Strategic collaborations that matter We don\u2019t see partnerships as just cooperation &#8211; we see them as a core driver of growth, improvement, and the delivery of high-quality solutions, both for us and for our partners. Our goal is not only to&hellip;","_links":{"self":[{"href":"https:\/\/grunerserbian.com\/sr\/wp-json\/wp\/v2\/pages\/3672","targetHints":{"allow":["GET"]}}],"collection":[{"href":"https:\/\/grunerserbian.com\/sr\/wp-json\/wp\/v2\/pages"}],"about":[{"href":"https:\/\/grunerserbian.com\/sr\/wp-json\/wp\/v2\/types\/page"}],"author":[{"embeddable":true,"href":"https:\/\/grunerserbian.com\/sr\/wp-json\/wp\/v2\/users\/1"}],"replies":[{"embeddable":true,"href":"https:\/\/grunerserbian.com\/sr\/wp-json\/wp\/v2\/comments?post=3672"}],"version-history":[{"count":0,"href":"https:\/\/grunerserbian.com\/sr\/wp-json\/wp\/v2\/pages\/3672\/revisions"}],"wp:attachment":[{"href":"https:\/\/grunerserbian.com\/sr\/wp-json\/wp\/v2\/media?parent=3672"}],"curies":[{"name":"wp","href":"https:\/\/api.w.org\/{rel}","templated":true}]}}