{"id":3804,"date":"2025-07-31T09:12:35","date_gmt":"2025-07-31T09:12:35","guid":{"rendered":"https:\/\/grunerserbian.com\/?page_id=3804"},"modified":"2026-04-08T07:45:52","modified_gmt":"2026-04-08T07:45:52","slug":"blog","status":"publish","type":"page","link":"https:\/\/grunerserbian.com\/sr\/blog\/","title":{"rendered":"Blog"},"content":{"rendered":"<div data-elementor-type=\"wp-page\" data-elementor-id=\"3804\" class=\"elementor elementor-3804\">\n\t\t\t\t<div class=\"elementor-element elementor-element-3c2de51c e-flex e-con-boxed e-con e-parent\" data-id=\"3c2de51c\" data-element_type=\"container\" data-e-type=\"container\" data-settings=\"{&quot;background_background&quot;:&quot;video&quot;,&quot;background_video_link&quot;:&quot;https:\\\/\\\/grunerserbian.com\\\/wp-content\\\/uploads\\\/2025\\\/03\\\/promo.mp4&quot;,&quot;background_play_once&quot;:&quot;yes&quot;,&quot;background_play_on_mobile&quot;:&quot;yes&quot;}\">\n\t\t\t\t\t<div class=\"e-con-inner\">\n\t\t<div class=\"elementor-background-video-container\">\n\t\t\t\t\t\t\t<video class=\"elementor-background-video-hosted\" role=\"presentation\" autoplay muted playsinline><\/video>\n\t\t\t\t\t<\/div><div class=\"elementor-element elementor-element-597d2763 e-con-full e-flex e-con e-child\" data-id=\"597d2763\" data-element_type=\"container\" data-e-type=\"container\">\n\t\t\t\t<div class=\"elementor-element elementor-element-160a7ff6 elementor-widget elementor-widget-heading\" data-id=\"160a7ff6\" data-element_type=\"widget\" data-e-type=\"widget\" data-widget_type=\"heading.default\">\n\t\t\t\t<div class=\"elementor-widget-container\">\n\t\t\t\t\t<h1 class=\"elementor-heading-title elementor-size-default\">GRUNER Serbian <\/h1>\t\t\t\t<\/div>\n\t\t\t\t<\/div>\n\t\t\t\t<div class=\"elementor-element elementor-element-daa7c06 elementor-widget elementor-widget-heading\" data-id=\"daa7c06\" data-element_type=\"widget\" data-e-type=\"widget\" data-widget_type=\"heading.default\">\n\t\t\t\t<div class=\"elementor-widget-container\">\n\t\t\t\t\t<h1 class=\"elementor-heading-title elementor-size-default\">BLOG<\/h1>\t\t\t\t<\/div>\n\t\t\t\t<\/div>\n\t\t\t\t<div class=\"elementor-element elementor-element-496440be elementor-widget__width-initial elementor-widget elementor-widget-text-editor\" data-id=\"496440be\" data-element_type=\"widget\" data-e-type=\"widget\" data-widget_type=\"text-editor.default\">\n\t\t\t\t<div class=\"elementor-widget-container\">\n\t\t\t\t\t\t\t\t\t<p>Transformacija ideja u industrijski uspeh<\/p>\t\t\t\t\t\t\t\t<\/div>\n\t\t\t\t<\/div>\n\t\t<div class=\"elementor-element elementor-element-7beb1f9f e-con-full e-flex e-con e-child\" data-id=\"7beb1f9f\" data-element_type=\"container\" data-e-type=\"container\">\n\t\t<div class=\"elementor-element elementor-element-231e25c9 e-con-full e-flex e-con e-child\" data-id=\"231e25c9\" data-element_type=\"container\" data-e-type=\"container\">\n\t\t\t\t<div class=\"elementor-element elementor-element-377a97fe elementor-widget__width-initial elementor-widget elementor-widget-button\" data-id=\"377a97fe\" data-element_type=\"widget\" data-e-type=\"widget\" data-widget_type=\"button.default\">\n\t\t\t\t<div class=\"elementor-widget-container\">\n\t\t\t\t\t\t\t\t\t<div class=\"elementor-button-wrapper\">\n\t\t\t\t\t<a class=\"elementor-button elementor-button-link elementor-size-sm\" href=\"https:\/\/grunerserbian.com\/sr\/services\/\">\n\t\t\t\t\t\t<span class=\"elementor-button-content-wrapper\">\n\t\t\t\t\t\t\t\t\t<span class=\"elementor-button-text\">Na\u0161e usluge<\/span>\n\t\t\t\t\t<\/span>\n\t\t\t\t\t<\/a>\n\t\t\t\t<\/div>\n\t\t\t\t\t\t\t\t<\/div>\n\t\t\t\t<\/div>\n\t\t\t\t<div class=\"elementor-element elementor-element-6b7fc279 elementor-widget__width-auto elementor-widget elementor-widget-button\" data-id=\"6b7fc279\" data-element_type=\"widget\" data-e-type=\"widget\" data-widget_type=\"button.default\">\n\t\t\t\t<div class=\"elementor-widget-container\">\n\t\t\t\t\t\t\t\t\t<div class=\"elementor-button-wrapper\">\n\t\t\t\t\t<a class=\"elementor-button elementor-button-link elementor-size-sm\" href=\"https:\/\/grunerserbian.com\/sr\/contact-us\/\">\n\t\t\t\t\t\t<span class=\"elementor-button-content-wrapper\">\n\t\t\t\t\t\t\t\t\t<span class=\"elementor-button-text\">Kontakt<\/span>\n\t\t\t\t\t<\/span>\n\t\t\t\t\t<\/a>\n\t\t\t\t<\/div>\n\t\t\t\t\t\t\t\t<\/div>\n\t\t\t\t<\/div>\n\t\t\t\t<\/div>\n\t\t\t\t<\/div>\n\t\t\t\t<\/div>\n\t\t\t\t\t<\/div>\n\t\t\t\t<\/div>\n\t\t<div class=\"elementor-element elementor-element-d0642d4 e-flex e-con-boxed e-con e-parent\" data-id=\"d0642d4\" data-element_type=\"container\" data-e-type=\"container\">\n\t\t\t\t\t<div class=\"e-con-inner\">\n\t\t\t\t<div class=\"elementor-element elementor-element-5366bb7 elementor-widget elementor-widget-heading\" data-id=\"5366bb7\" data-element_type=\"widget\" data-e-type=\"widget\" data-widget_type=\"heading.default\">\n\t\t\t\t<div class=\"elementor-widget-container\">\n\t\t\t\t\t<h2 class=\"elementor-heading-title elementor-size-default\">INDUSTRIJSKI UVIDI I INOVACIJE IZ KOMPANIJE GRUNER SERBIAN<\/h2>\t\t\t\t<\/div>\n\t\t\t\t<\/div>\n\t\t\t\t\t<\/div>\n\t\t\t\t<\/div>\n\t\t<div class=\"elementor-element elementor-element-67542fc e-flex e-con-boxed e-con e-parent\" data-id=\"67542fc\" data-element_type=\"container\" data-e-type=\"container\">\n\t\t\t\t\t<div class=\"e-con-inner\">\n\t\t\t\t<div class=\"elementor-element elementor-element-5f265c8 elementor-widget elementor-widget-text-editor\" data-id=\"5f265c8\" data-element_type=\"widget\" data-e-type=\"widget\" data-widget_type=\"text-editor.default\">\n\t\t\t\t<div class=\"elementor-widget-container\">\n\t\t\t\t\t\t\t\t\t<p>Dobro do\u0161li na na\u0161u <strong>Blog sekciju<\/strong>.<\/p><p>Ovde \u0107ete prona\u0107i selekciju tehni\u010dkih \u010dlanaka, industrijskih uvida, a\u017euriranja i novosti iz na\u0161e kompanije - napisane na osnovu realnog, dugogodi\u0161njeg iskustva u proizvodnji, izradi alata, brizganju plastike, \u0161tancovanju metala, PCBA i mnogim drugim industrijskih oblastima.<\/p><p>Objavljujemo sa namerom da informi\u0161emo, podr\u017eimo i pove\u017eemo se sa stru\u010dnjacima iz razli\u010ditih oblasti industrijske proizvodnje.<\/p><p>Novi sadr\u017eaji bi\u0107e objavljivani redovno - pratite nas za a\u017euriranja.<\/p>\t\t\t\t\t\t\t\t<\/div>\n\t\t\t\t<\/div>\n\t\t\t\t\t<\/div>\n\t\t\t\t<\/div>\n\t\t<div class=\"elementor-element elementor-element-4a458ec e-flex e-con-boxed e-con e-parent\" data-id=\"4a458ec\" data-element_type=\"container\" data-e-type=\"container\">\n\t\t\t\t\t<div class=\"e-con-inner\">\n\t\t\t\t<div class=\"elementor-element elementor-element-bf52fbc elementor-widget elementor-widget-shortcode\" data-id=\"bf52fbc\" data-element_type=\"widget\" data-e-type=\"widget\" data-widget_type=\"shortcode.default\">\n\t\t\t\t<div class=\"elementor-widget-container\">\n\t\t\t\t\t\t\t<div class=\"elementor-shortcode\"><style type='text\/css' media='all'>#rt-tpg-container-668936633 .rt-holder .rt-woo-info .price{color:#ee7100;}body .rt-tpg-container .rt-tpg-isotope-buttons .selected,\n\t\t\t\t\t#rt-tpg-container-668936633 .layout12 .rt-holder:hover .rt-detail,\n\t\t\t\t\t#rt-tpg-container-668936633 .isotope8 .rt-holder:hover .rt-detail,\n\t\t\t\t\t#rt-tpg-container-668936633 .carousel8 .rt-holder:hover .rt-detail,\n\t\t\t\t\t#rt-tpg-container-668936633 .layout13 .rt-holder .overlay .post-info,\n\t\t\t\t\t#rt-tpg-container-668936633 .isotope9 .rt-holder .overlay .post-info,\n\t\t\t\t\t#rt-tpg-container-668936633.rt-tpg-container .layout4 .rt-holder .rt-detail,\n\t\t\t\t\t.rt-modal-668936633 .md-content,\n\t\t\t\t\t.rt-modal-668936633 .md-content > .rt-md-content-holder .rt-md-content,\n\t\t\t\t\t.rt-popup-wrap-668936633.rt-popup-wrap .rt-popup-navigation-wrap,\n\t\t\t\t\t#rt-tpg-container-668936633 .carousel9 .rt-holder .overlay .post-info{background-color:#ee7100;}#rt-tpg-container-668936633 .layout5 .rt-holder .overlay, #rt-tpg-container-668936633 .isotope2 .rt-holder .overlay, #rt-tpg-container-668936633 .carousel2 .rt-holder .overlay,#rt-tpg-container-668936633 .layout15 .rt-holder h3, #rt-tpg-container-668936633 .isotope11 .rt-holder h3, #rt-tpg-container-668936633 .carousel11 .rt-holder h3, #rt-tpg-container-668936633 .layout16 .rt-holder h3,\n\t\t\t\t\t#rt-tpg-container-668936633 .isotope12 .rt-holder h3, #rt-tpg-container-668936633 .carousel12 .rt-holder h3 {background-color:rgba(238,113,0,0.8);}#rt-tpg-container-668936633 .read-more a{border-radius:px;}#rt-tpg-container-668936633 .rt-img-holder img.rt-img-responsive,#rt-tpg-container-668936633 .rt-img-holder,\n\t\t\t\t\t#rt-tpg-container-668936633 .rt-post-overlay .post-img,\n\t\t\t\t\t#rt-tpg-container-668936633 .post-sm .post-img,\n\t\t\t\t\t#rt-tpg-container-668936633 .rt-post-grid .post-img,\n\t\t\t\t\t#rt-tpg-container-668936633 .post-img img {border-radius:px;}<\/style><div class='rt-container-fluid rt-tpg-container tpg-shortcode-main-wrapper  loading' id='rt-tpg-container-668936633'   data-layout='layout1' data-grid-style='even' data-desktop-col='3'  data-tab-col='2'  data-mobile-col='1' data-sc-id='4052'><div class=\"tpg-widget-heading-wrapper heading-style1\"><span class=\"tpg-widget-heading-line line-left\"><\/span><h2 class=\"tpg-widget-heading\"><\/h2><span class=\"tpg-widget-heading-line\"><\/span><\/div><div id=\"bottom-script-loader\" class=\"bottom-script-loader\"><div class=\"rt-ball-clip-rotate\"><div><\/div><\/div><\/div><div data-title='Loading ...' class='rt-row rt-content-loader   layout1 tpg-even'><div class=\"rt-col-md-4 rt-col-sm-6 rt-col-xs-12 even-grid-item rt-grid-item\" data-id=\"4070\"><div class=\"rt-holder\"><div class=\"rt-img-holder\"><a data-id=\"4070\" class=\"\" href=\"https:\/\/grunerserbian.com\/sr\/dual-education-at-gruner-serbian\/\"><img fetchpriority=\"high\" decoding=\"async\" class=\"rt-img-responsive\" src=\"https:\/\/grunerserbian.com\/wp-content\/uploads\/2026\/04\/Dualno-obrazovanje-u-Gruner-Serbian-Cover.png\" width=\"600\" height=\"450\" alt=\"Dual education at Gruner Serbian\" \/><\/a><\/div><div class='rt-detail'><h3 class=\"entry-title\"><a data-id=\"4070\" class=\"\" href=\"https:\/\/grunerserbian.com\/sr\/dual-education-at-gruner-serbian\/\">Dualno obrazovanje u kompaniji Gruner Serbian<\/a><\/h3><div class='tpg-excerpt'>Dualno obrazovanje jedan je od klju\u010dnih modela povezivanja obrazovnog sistema sa realnim potrebama industrije.<\/div><div class='post-meta'><span class='read-more'><a data-id='4070' class='' href='https:\/\/grunerserbian.com\/sr\/dual-education-at-gruner-serbian\/'>\u010citaj jo\u0161<\/a><\/span><\/div><\/div><\/div><\/div><div class=\"rt-col-md-4 rt-col-sm-6 rt-col-xs-12 even-grid-item rt-grid-item\" data-id=\"3897\"><div class=\"rt-holder\"><div class=\"rt-img-holder\"><a data-id=\"3897\" class=\"\" href=\"https:\/\/grunerserbian.com\/sr\/pcba-manufacturing-services\/\"><img decoding=\"async\" class=\"rt-img-responsive\" src=\"https:\/\/grunerserbian.com\/wp-content\/uploads\/2025\/09\/Blog-2-AI.jpg\" width=\"1200\" height=\"628\" alt=\"Industry Insights &#8211; Reliable PCBA supplier\" \/><\/a><\/div><div class='rt-detail'><h3 class=\"entry-title\"><a data-id=\"3897\" class=\"\" href=\"https:\/\/grunerserbian.com\/sr\/pcba-manufacturing-services\/\">Uvid iz industrije: Karakteristike pouzdanog PCBA dobavlja\u010da<\/a><\/h3><div class='tpg-excerpt'>Kako izbor pravog partnera odre\u0111uje uspeh va\u0161eg projekta? Najva\u017enije karakteristike...<\/div><div class='post-meta'><span class='read-more'><a data-id='3897' class='' href='https:\/\/grunerserbian.com\/sr\/pcba-manufacturing-services\/'>\u010citaj jo\u0161<\/a><\/span><\/div><\/div><\/div><\/div><div class=\"rt-col-md-4 rt-col-sm-6 rt-col-xs-12 even-grid-item rt-grid-item\" data-id=\"3828\"><div class=\"rt-holder\"><div class=\"rt-img-holder\"><a data-id=\"3828\" class=\"\" href=\"https:\/\/grunerserbian.com\/sr\/vertical-integration\/\"><img decoding=\"async\" class=\"rt-img-responsive\" src=\"https:\/\/grunerserbian.com\/wp-content\/uploads\/2025\/08\/Blog-png.png\" width=\"1200\" height=\"628\" alt=\"Vertical integration in modern manufacturing\" \/><\/a><\/div><div class='rt-detail'><h3 class=\"entry-title\"><a data-id=\"3828\" class=\"\" href=\"https:\/\/grunerserbian.com\/sr\/vertical-integration\/\">Vertikalna integracija u savremenoj proizvodnji<\/a><\/h3><div class='tpg-excerpt'>Vertikalna integracija u savremenoj proizvodnji: Klju\u010dna prednost koja donosi sigurnost i kupcima i dobavlja\u010dima.<\/div><div class='post-meta'><span class='read-more'><a data-id='3828' class='' href='https:\/\/grunerserbian.com\/sr\/vertical-integration\/'>\u010citaj jo\u0161<\/a><\/span><\/div><\/div><\/div><\/div><\/div><\/div><\/div>\n\t\t\t\t\t\t<\/div>\n\t\t\t\t<\/div>\n\t\t\t\t\t<\/div>\n\t\t\t\t<\/div>\n\t\t\t\t<\/div>","protected":false},"excerpt":{"rendered":"<p>GRUNER Serbian BLOG Transforming ideas into industrial success Our Services Contact Us INDUSTRY INSIGHTS AND INNOVATION FROM GRUNER SERBIAN Welcome to our Blog section. Here you\u2019ll find a selection of technical articles, industry insights, project updates, and company news &#8211; written from real experience in production, tooling, plastic molding, metal stamping, PCBA, and more. We [&hellip;]<\/p>\n","protected":false},"author":1,"featured_media":1068,"parent":0,"menu_order":0,"comment_status":"closed","ping_status":"closed","template":"","meta":{"content-type":"","footnotes":""},"class_list":["post-3804","page","type-page","status-publish","has-post-thumbnail","hentry"],"rttpg_featured_image_url":{"full":["https:\/\/grunerserbian.com\/wp-content\/uploads\/2025\/03\/Gruner.png",1920,1034,false],"landscape":["https:\/\/grunerserbian.com\/wp-content\/uploads\/2025\/03\/Gruner.png",1920,1034,false],"portraits":["https:\/\/grunerserbian.com\/wp-content\/uploads\/2025\/03\/Gruner.png",1920,1034,false],"thumbnail":["https:\/\/grunerserbian.com\/wp-content\/uploads\/2025\/03\/Gruner-150x150.png",150,150,true],"medium":["https:\/\/grunerserbian.com\/wp-content\/uploads\/2025\/03\/Gruner-300x162.png",300,162,true],"large":["https:\/\/grunerserbian.com\/wp-content\/uploads\/2025\/03\/Gruner-1024x551.png",800,430,true],"1536x1536":["https:\/\/grunerserbian.com\/wp-content\/uploads\/2025\/03\/Gruner-1536x827.png",1536,827,true],"2048x2048":["https:\/\/grunerserbian.com\/wp-content\/uploads\/2025\/03\/Gruner.png",1920,1034,false],"trp-custom-language-flag":["https:\/\/grunerserbian.com\/wp-content\/uploads\/2025\/03\/Gruner.png",18,10,false]},"rttpg_author":{"display_name":"admin","author_link":"https:\/\/grunerserbian.com\/sr\/author\/admin\/"},"rttpg_comment":0,"rttpg_category":"","rttpg_excerpt":"GRUNER Serbian BLOG Transforming ideas into industrial success Our Services Contact Us INDUSTRY INSIGHTS AND INNOVATION FROM GRUNER SERBIAN Welcome to our Blog section. Here you\u2019ll find a selection of technical articles, industry insights, project updates, and company news &#8211; written from real experience in production, tooling, plastic molding, metal stamping, PCBA, and more. We&hellip;","_links":{"self":[{"href":"https:\/\/grunerserbian.com\/sr\/wp-json\/wp\/v2\/pages\/3804","targetHints":{"allow":["GET"]}}],"collection":[{"href":"https:\/\/grunerserbian.com\/sr\/wp-json\/wp\/v2\/pages"}],"about":[{"href":"https:\/\/grunerserbian.com\/sr\/wp-json\/wp\/v2\/types\/page"}],"author":[{"embeddable":true,"href":"https:\/\/grunerserbian.com\/sr\/wp-json\/wp\/v2\/users\/1"}],"replies":[{"embeddable":true,"href":"https:\/\/grunerserbian.com\/sr\/wp-json\/wp\/v2\/comments?post=3804"}],"version-history":[{"count":0,"href":"https:\/\/grunerserbian.com\/sr\/wp-json\/wp\/v2\/pages\/3804\/revisions"}],"wp:featuredmedia":[{"embeddable":true,"href":"https:\/\/grunerserbian.com\/sr\/wp-json\/wp\/v2\/media\/1068"}],"wp:attachment":[{"href":"https:\/\/grunerserbian.com\/sr\/wp-json\/wp\/v2\/media?parent=3804"}],"curies":[{"name":"wp","href":"https:\/\/api.w.org\/{rel}","templated":true}]}}